{"id":2429,"date":"2017-01-20T15:18:32","date_gmt":"2017-01-20T14:18:32","guid":{"rendered":"https:\/\/www.fishxl.nl\/wordpress\/?page_id=2429\/"},"modified":"2023-09-07T14:39:31","modified_gmt":"2023-09-07T12:39:31","slug":"voorbeeld-pagina","status":"publish","type":"page","link":"https:\/\/fishxl.nl\/de\/","title":{"rendered":"Frischfischgro\u00dfhandel FishXL"},"content":{"rendered":"<p>Der Fischhandel FishXL ist in Yerseke an der Oosterschelde niedergelassen, die f\u00fcr die seel\u00e4ndische Muschel- und Austernzucht bekannt ist. Nirgendwo sonst ist die Leidenschaft so gro\u00df wie beim Fischgro\u00dfhandel FishXL, wenn es um frischen Fisch sowie um Krusten- und Schalentiere geht. Dieser Gro\u00dfhandel f\u00fcr frischen Fisch ist auf den Horeca-Sektor und den Gro\u00dfverbrauch ausgerichtet. Viele bekannte Restaurants und weitere Horeca-Gastst\u00e4tten haben ihren Weg mit gro\u00dfer Zufriedenheit zum Fischhandel FishXL gefunden.<\/p>\n<h2>Unser Gro\u00dfhandel bietet eine Frischfischgarantie<\/h2>\n<p>Der Fischhandel FishXL zeichnet sich dadurch aus, stets genauestens und streng auf die Frische und Qualit\u00e4t der Produkte zu achten. Aus diesem Grunde bietet dieser Gro\u00dfhandel f\u00fcr frischen Fisch, Krusten- und Schalentiere eine Frischfischgarantie. Diese Frischfischgarantie bietet Ihnen die absolute Gew\u00e4hr und Sicherheit, dass die Produkte tagesfrisch sind.<\/p>\n<p>Der Fischgro\u00dfhandel FishXL kauft die gro\u00dfe Menge Fisch t\u00e4glich frisch bei den Fischauktionen ein. Die Fischauktionen liegen direkt am Wasser, und dadurch k\u00f6nnen die wunderbaren Produkte sofort an FishXL verkauft werden, ohne durch einen zus\u00e4tzlichen Transport Zeit zu verlieren.<\/p>\n<p>Die Krusten- und Schalentiere werden am Tag, an dem sie bei Ihnen abgeliefert werden, fr\u00fchmorgens aus dem Wasser gefischt &#8211; noch frischer geht es nicht. Das schmecken und sehen Sie sofort, und so genie\u00dfen Sie eine unvergleichlich frische Qualit\u00e4t.<\/p>\n<h2>Eigener Fischimport aus Norwegen und D\u00e4nemark<\/h2>\n<p>Der Frischfischgro\u00dfhandel FishXL f\u00fchrt au\u00dferdem selbstst\u00e4ndig Fischprodukte aus Norwegen und D\u00e4nemark ein. Dazu z\u00e4hlen u.a. Kabeljau, Lachs, Jakobsmuscheln usw. Der Eigent\u00fcmer von FishXL legt gro\u00dfen Wert auf seine Produkte, und so ist er regelm\u00e4\u00dfig an den norwegischen Fjorden anzutreffen; dort pr\u00fcft er den Fischfang mit eigenen Augen und trifft Absprachen mit den Fischern.<\/p>\n<p>Der Fischhandel FishXL verf\u00fcgt \u00fcber eine gro\u00dfe Filetierabteilung, und damit kann er allen Ihren W\u00fcnsche gerecht werden. Den Anregungen der K\u00fcchenchefs der Restaurants stehen wir stets aufgeschlossen gegen\u00fcber, und wir setzen sie mit einer Menge Leidenschaft um.<\/p>\n<h2>Ein Fischhandel mit den strengsten Lebensmittelstandards<\/h2>\n<p>Weil FishXl mit einem professionellen Team arbeitet, das den Fisch fachkundig und mit Leidenschaft selber filetiert, kann Ihr Fisch vakuumverpackt, nach Ma\u00df und in Portionen nach Ihren W\u00fcnschen und Vorstellungen noch am selben Tag bei Ihnen abgeliefert werden. Das alles gem\u00e4\u00df der HACCP-Norm und mit entsprechendem Zertifikat.<\/p>\n<p>FishXL ist ein Fischgro\u00dfhandel, der Sie mit besonderen Angeboten unterst\u00fctzen und inspirieren kann. Aufgrund der intensiven Zusammenarbeit zwischen dem Innendienst und dem Verkauf\/Au\u00dfendienst, der f\u00fcr die Kunden zust\u00e4ndig ist, sind wir in der Lage, Ihre Anregungen mit frischem Fisch entsprechend Ihren W\u00fcnschen umzusetzen.<\/p>\n<h2>Der Fischhandel FishXL verf\u00fcgt \u00fcber seinen eigenen Transportdienst<\/h2>\n<p>Bei FishXL genie\u00dfen Sie alle Vorteile eines Gro\u00dfhandels f\u00fcr frischen Fisch. Erstklassige Qualit\u00e4tsprodukte wie etwa frischer Fisch sowie wasserfrische Krusten- und Schalentiere &#8211; das alles mit einer t\u00e4glichen Lieferung mit eigenen, modernen K\u00fchlfahrzeugen gem\u00e4\u00df den HACCP-Normen. Morgens bestellt, abends frisch zubereitet.<\/p>\n","protected":false},"excerpt":{"rendered":"<p>T\u00e4glich frische Wasserversorgung<br \/>\nMeeresfr\u00fcchte<br \/>\nAusgezeichnete Qualit\u00e4t Produkte<br \/>\nSuper-wettbewerbsf\u00e4hige Preise<br \/>\nEigene Import aus Norwegen und D\u00e4nemark<\/p>\n<ul>\n<li>Eine gute Betreuung durch die interne und externe Vertriebs<\/li>\n<li>Verarbeitung und Transport wird unter den HACCP-Standards durchgef\u00fchrt<\/li>\n<li>Ein zuverl\u00e4ssiger Partner<\/li>\n<li>Frischprodukte<\/li>\n<\/ul>\n","protected":false},"author":2,"featured_media":0,"parent":0,"menu_order":-999,"comment_status":"closed","ping_status":"closed","template":"","meta":{"_acf_changed":false,"ngg_post_thumbnail":0,"footnotes":""},"class_list":["post-2429","page","type-page","status-publish","hentry"],"acf":[],"yoast_head":"<!-- This site is optimized with the Yoast SEO plugin v27.1.1 - https:\/\/yoast.com\/product\/yoast-seo-wordpress\/ -->\n<title>Frischfischgro\u00dfhandel FishXL - FishXL<\/title>\n<meta name=\"robots\" content=\"index, follow, max-snippet:-1, max-image-preview:large, max-video-preview:-1\" \/>\n<link rel=\"canonical\" href=\"https:\/\/fishxl.nl\/de\/\" \/>\n<meta property=\"og:locale\" content=\"de_DE\" \/>\n<meta property=\"og:type\" content=\"article\" \/>\n<meta property=\"og:title\" content=\"Frischfischgro\u00dfhandel FishXL - FishXL\" \/>\n<meta property=\"og:description\" content=\"T\u00e4glich frische Wasserversorgung Meeresfr\u00fcchte Ausgezeichnete Qualit\u00e4t Produkte Super-wettbewerbsf\u00e4hige Preise Eigene Import aus Norwegen und D\u00e4nemark   Eine gute Betreuung durch die interne und externe Vertriebs  Verarbeitung und Transport wird unter den HACCP-Standards durchgef\u00fchrt  Ein zuverl\u00e4ssiger Partner  Frischprodukte\" \/>\n<meta property=\"og:url\" content=\"https:\/\/fishxl.nl\/de\/\" \/>\n<meta property=\"og:site_name\" content=\"FishXL\" \/>\n<meta property=\"article:modified_time\" content=\"2023-09-07T12:39:31+00:00\" \/>\n<meta name=\"twitter:card\" content=\"summary_large_image\" \/>\n<meta name=\"twitter:label1\" content=\"Gesch\u00e4tzte Lesezeit\" \/>\n\t<meta name=\"twitter:data1\" content=\"3\u00a0Minuten\" \/>\n<script type=\"application\/ld+json\" class=\"yoast-schema-graph\">{\"@context\":\"https:\/\/schema.org\",\"@graph\":[{\"@type\":\"WebPage\",\"@id\":\"https:\/\/fishxl.nl\/de\/\",\"url\":\"https:\/\/fishxl.nl\/de\/\",\"name\":\"Frischfischgro\u00dfhandel FishXL - FishXL\",\"isPartOf\":{\"@id\":\"https:\/\/fishxl.nl\/#website\"},\"datePublished\":\"2017-01-20T14:18:32+00:00\",\"dateModified\":\"2023-09-07T12:39:31+00:00\",\"breadcrumb\":{\"@id\":\"https:\/\/fishxl.nl\/de\/#breadcrumb\"},\"inLanguage\":\"de\",\"potentialAction\":[{\"@type\":\"ReadAction\",\"target\":[\"https:\/\/fishxl.nl\/de\/\"]}]},{\"@type\":\"BreadcrumbList\",\"@id\":\"https:\/\/fishxl.nl\/de\/#breadcrumb\",\"itemListElement\":[{\"@type\":\"ListItem\",\"position\":1,\"name\":\"Home\",\"item\":\"https:\/\/fishxl.nl\/de\/\"},{\"@type\":\"ListItem\",\"position\":2,\"name\":\"Frischfischgro\u00dfhandel FishXL\"}]},{\"@type\":\"WebSite\",\"@id\":\"https:\/\/fishxl.nl\/#website\",\"url\":\"https:\/\/fishxl.nl\/\",\"name\":\"FishXL\",\"description\":\"\",\"potentialAction\":[{\"@type\":\"SearchAction\",\"target\":{\"@type\":\"EntryPoint\",\"urlTemplate\":\"https:\/\/fishxl.nl\/?s={search_term_string}\"},\"query-input\":{\"@type\":\"PropertyValueSpecification\",\"valueRequired\":true,\"valueName\":\"search_term_string\"}}],\"inLanguage\":\"de\"}]}<\/script>\n<!-- \/ Yoast SEO plugin. -->","yoast_head_json":{"title":"Frischfischgro\u00dfhandel FishXL - FishXL","robots":{"index":"index","follow":"follow","max-snippet":"max-snippet:-1","max-image-preview":"max-image-preview:large","max-video-preview":"max-video-preview:-1"},"canonical":"https:\/\/fishxl.nl\/de\/","og_locale":"de_DE","og_type":"article","og_title":"Frischfischgro\u00dfhandel FishXL - FishXL","og_description":"T\u00e4glich frische Wasserversorgung Meeresfr\u00fcchte Ausgezeichnete Qualit\u00e4t Produkte Super-wettbewerbsf\u00e4hige Preise Eigene Import aus Norwegen und D\u00e4nemark   Eine gute Betreuung durch die interne und externe Vertriebs  Verarbeitung und Transport wird unter den HACCP-Standards durchgef\u00fchrt  Ein zuverl\u00e4ssiger Partner  Frischprodukte","og_url":"https:\/\/fishxl.nl\/de\/","og_site_name":"FishXL","article_modified_time":"2023-09-07T12:39:31+00:00","twitter_card":"summary_large_image","twitter_misc":{"Gesch\u00e4tzte Lesezeit":"3\u00a0Minuten"},"schema":{"@context":"https:\/\/schema.org","@graph":[{"@type":"WebPage","@id":"https:\/\/fishxl.nl\/de\/","url":"https:\/\/fishxl.nl\/de\/","name":"Frischfischgro\u00dfhandel FishXL - FishXL","isPartOf":{"@id":"https:\/\/fishxl.nl\/#website"},"datePublished":"2017-01-20T14:18:32+00:00","dateModified":"2023-09-07T12:39:31+00:00","breadcrumb":{"@id":"https:\/\/fishxl.nl\/de\/#breadcrumb"},"inLanguage":"de","potentialAction":[{"@type":"ReadAction","target":["https:\/\/fishxl.nl\/de\/"]}]},{"@type":"BreadcrumbList","@id":"https:\/\/fishxl.nl\/de\/#breadcrumb","itemListElement":[{"@type":"ListItem","position":1,"name":"Home","item":"https:\/\/fishxl.nl\/de\/"},{"@type":"ListItem","position":2,"name":"Frischfischgro\u00dfhandel FishXL"}]},{"@type":"WebSite","@id":"https:\/\/fishxl.nl\/#website","url":"https:\/\/fishxl.nl\/","name":"FishXL","description":"","potentialAction":[{"@type":"SearchAction","target":{"@type":"EntryPoint","urlTemplate":"https:\/\/fishxl.nl\/?s={search_term_string}"},"query-input":{"@type":"PropertyValueSpecification","valueRequired":true,"valueName":"search_term_string"}}],"inLanguage":"de"}]}},"_links":{"self":[{"href":"https:\/\/fishxl.nl\/de\/wp-json\/wp\/v2\/pages\/2429","targetHints":{"allow":["GET"]}}],"collection":[{"href":"https:\/\/fishxl.nl\/de\/wp-json\/wp\/v2\/pages"}],"about":[{"href":"https:\/\/fishxl.nl\/de\/wp-json\/wp\/v2\/types\/page"}],"author":[{"embeddable":true,"href":"https:\/\/fishxl.nl\/de\/wp-json\/wp\/v2\/users\/2"}],"replies":[{"embeddable":true,"href":"https:\/\/fishxl.nl\/de\/wp-json\/wp\/v2\/comments?post=2429"}],"version-history":[{"count":8,"href":"https:\/\/fishxl.nl\/de\/wp-json\/wp\/v2\/pages\/2429\/revisions"}],"predecessor-version":[{"id":3870,"href":"https:\/\/fishxl.nl\/de\/wp-json\/wp\/v2\/pages\/2429\/revisions\/3870"}],"wp:attachment":[{"href":"https:\/\/fishxl.nl\/de\/wp-json\/wp\/v2\/media?parent=2429"}],"curies":[{"name":"wp","href":"https:\/\/api.w.org\/{rel}","templated":true}]}}