{"id":2433,"date":"2017-01-24T14:46:58","date_gmt":"2017-01-24T13:46:58","guid":{"rendered":"https:\/\/www.fishxl.nl\/wordpress\/?page_id=2433\/"},"modified":"2017-01-24T14:50:53","modified_gmt":"2017-01-24T13:50:53","slug":"arbeitsweise","status":"publish","type":"page","link":"https:\/\/fishxl.nl\/de\/arbeitsweise\/","title":{"rendered":"Arbeitsweise"},"content":{"rendered":"<p>Unser Ziel ist es, Ihnen den frischesten Fisch zu liefern. Deshalb m\u00f6chten wir, dass unser Fisch Sie m\u00f6glichst schnell erreicht und einen m\u00f6glichst kurzen Weg vom Boot in Ihre K\u00fcche zur\u00fccklegt. So kommt unser Fisch fr\u00fchmorgens von der Auktion, damit wir die Bestellungen erledigen k\u00f6nnen. Somit k\u00f6nnen Sie unbesorgt sein, dass der Fisch frisch gefangen ist und der frische Geschmack und die Textur garantiert sind. Au\u00dferdem haben wir aufgrund unserer jahrelangen Erfahrung einen guten Blick nicht nur f\u00fcr den Preis, sondern auch f\u00fcr die Qualit\u00e4t. Damit haben Sie die Gew\u00e4hr, die besten, frischesten und schmackhaftesten Erzeugnisse zu erhalten.<\/p>\n<h2>Import<\/h2>\n<p>Au\u00dferdem importieren wir Fisch, wie zum Beispiel Kabeljau, Skrei und Lachs direkt von eigens ausgew\u00e4hlten Fischereibetrieben aus Island, Norwegen und D\u00e4nemark. Wir berufen uns ausschlie\u00dflich auf Lieferanten mit strengen Standards und Normen, damit wir garantieren k\u00f6nnen, dass unser gesamter Fisch frisch vom Boot kommt.<\/p>\n<h2>Fileerservice<\/h2>\n<p>Fish XL verf\u00fcgt \u00fcber seine eigene Filetierabteilung. Damit k\u00f6nnen wir voll und ganz auf Ihre W\u00fcnsche eingehen. Unsere Experten sind \u00e4u\u00dferst kompetent und erfahren; au\u00dferdem greifen sie auf die modernste Technologie zur\u00fcck. So k\u00f6nnen wir herrlich filetierten Fisch liefern. Und selbstverst\u00e4ndlich erfolgt alles das gem\u00e4\u00df den HACCP-Sicherheitsnormen!<\/p>\n<h2>Transport<\/h2>\n<p>Anschlie\u00dfend werden diese Qualit\u00e4tsprodukte von unserem eigenen Transportservice direkt bei Ihnen abgeliefert!<\/p>\nngg_shortcode_0_placeholder\n","protected":false},"excerpt":{"rendered":"<p>Unser Ziel ist es, Ihnen den frischesten Fisch zu liefern.<span class=\"readmore\">&#8230;<\/span><\/p>\n","protected":false},"author":2,"featured_media":2551,"parent":0,"menu_order":8,"comment_status":"closed","ping_status":"closed","template":"","meta":{"_acf_changed":false,"ngg_post_thumbnail":0,"footnotes":""},"class_list":["post-2433","page","type-page","status-publish","has-post-thumbnail","hentry"],"acf":[],"yoast_head":"<!-- This site is optimized with the Yoast SEO plugin v27.1.1 - https:\/\/yoast.com\/product\/yoast-seo-wordpress\/ -->\n<title>Arbeitsweise - FishXL<\/title>\n<meta name=\"robots\" content=\"index, follow, max-snippet:-1, max-image-preview:large, max-video-preview:-1\" \/>\n<link rel=\"canonical\" href=\"https:\/\/fishxl.nl\/de\/arbeitsweise\/\" \/>\n<meta property=\"og:locale\" content=\"de_DE\" \/>\n<meta property=\"og:type\" content=\"article\" \/>\n<meta property=\"og:title\" content=\"Arbeitsweise - FishXL\" \/>\n<meta property=\"og:description\" content=\"Unser Ziel ist es, Ihnen den frischesten Fisch zu liefern....\" \/>\n<meta property=\"og:url\" content=\"https:\/\/fishxl.nl\/de\/arbeitsweise\/\" \/>\n<meta property=\"og:site_name\" content=\"FishXL\" \/>\n<meta property=\"article:modified_time\" content=\"2017-01-24T13:50:53+00:00\" \/>\n<meta property=\"og:image\" content=\"https:\/\/fishxl.nl\/wp-content\/uploads\/2015\/06\/FishXL_IMG_3546.jpg\" \/>\n\t<meta property=\"og:image:width\" content=\"1920\" \/>\n\t<meta property=\"og:image:height\" content=\"710\" \/>\n\t<meta property=\"og:image:type\" content=\"image\/jpeg\" \/>\n<meta name=\"twitter:card\" content=\"summary_large_image\" \/>\n<meta name=\"twitter:label1\" content=\"Gesch\u00e4tzte Lesezeit\" \/>\n\t<meta name=\"twitter:data1\" content=\"1\u00a0Minute\" \/>\n<script type=\"application\/ld+json\" class=\"yoast-schema-graph\">{\"@context\":\"https:\/\/schema.org\",\"@graph\":[{\"@type\":\"WebPage\",\"@id\":\"https:\/\/fishxl.nl\/de\/arbeitsweise\/\",\"url\":\"https:\/\/fishxl.nl\/de\/arbeitsweise\/\",\"name\":\"Arbeitsweise - FishXL\",\"isPartOf\":{\"@id\":\"https:\/\/fishxl.nl\/#website\"},\"primaryImageOfPage\":{\"@id\":\"https:\/\/fishxl.nl\/de\/arbeitsweise\/#primaryimage\"},\"image\":{\"@id\":\"https:\/\/fishxl.nl\/de\/arbeitsweise\/#primaryimage\"},\"thumbnailUrl\":\"https:\/\/fishxl.nl\/wp-content\/uploads\/2015\/06\/FishXL_IMG_3546.jpg\",\"datePublished\":\"2017-01-24T13:46:58+00:00\",\"dateModified\":\"2017-01-24T13:50:53+00:00\",\"breadcrumb\":{\"@id\":\"https:\/\/fishxl.nl\/de\/arbeitsweise\/#breadcrumb\"},\"inLanguage\":\"de\",\"potentialAction\":[{\"@type\":\"ReadAction\",\"target\":[\"https:\/\/fishxl.nl\/de\/arbeitsweise\/\"]}]},{\"@type\":\"ImageObject\",\"inLanguage\":\"de\",\"@id\":\"https:\/\/fishxl.nl\/de\/arbeitsweise\/#primaryimage\",\"url\":\"https:\/\/fishxl.nl\/wp-content\/uploads\/2015\/06\/FishXL_IMG_3546.jpg\",\"contentUrl\":\"https:\/\/fishxl.nl\/wp-content\/uploads\/2015\/06\/FishXL_IMG_3546.jpg\",\"width\":1920,\"height\":710},{\"@type\":\"BreadcrumbList\",\"@id\":\"https:\/\/fishxl.nl\/de\/arbeitsweise\/#breadcrumb\",\"itemListElement\":[{\"@type\":\"ListItem\",\"position\":1,\"name\":\"Home\",\"item\":\"https:\/\/fishxl.nl\/de\/\"},{\"@type\":\"ListItem\",\"position\":2,\"name\":\"Arbeitsweise\"}]},{\"@type\":\"WebSite\",\"@id\":\"https:\/\/fishxl.nl\/#website\",\"url\":\"https:\/\/fishxl.nl\/\",\"name\":\"FishXL\",\"description\":\"\",\"potentialAction\":[{\"@type\":\"SearchAction\",\"target\":{\"@type\":\"EntryPoint\",\"urlTemplate\":\"https:\/\/fishxl.nl\/?s={search_term_string}\"},\"query-input\":{\"@type\":\"PropertyValueSpecification\",\"valueRequired\":true,\"valueName\":\"search_term_string\"}}],\"inLanguage\":\"de\"}]}<\/script>\n<!-- \/ Yoast SEO plugin. -->","yoast_head_json":{"title":"Arbeitsweise - FishXL","robots":{"index":"index","follow":"follow","max-snippet":"max-snippet:-1","max-image-preview":"max-image-preview:large","max-video-preview":"max-video-preview:-1"},"canonical":"https:\/\/fishxl.nl\/de\/arbeitsweise\/","og_locale":"de_DE","og_type":"article","og_title":"Arbeitsweise - FishXL","og_description":"Unser Ziel ist es, Ihnen den frischesten Fisch zu liefern....","og_url":"https:\/\/fishxl.nl\/de\/arbeitsweise\/","og_site_name":"FishXL","article_modified_time":"2017-01-24T13:50:53+00:00","og_image":[{"width":1920,"height":710,"url":"https:\/\/fishxl.nl\/wp-content\/uploads\/2015\/06\/FishXL_IMG_3546.jpg","type":"image\/jpeg"}],"twitter_card":"summary_large_image","twitter_misc":{"Gesch\u00e4tzte Lesezeit":"1\u00a0Minute"},"schema":{"@context":"https:\/\/schema.org","@graph":[{"@type":"WebPage","@id":"https:\/\/fishxl.nl\/de\/arbeitsweise\/","url":"https:\/\/fishxl.nl\/de\/arbeitsweise\/","name":"Arbeitsweise - FishXL","isPartOf":{"@id":"https:\/\/fishxl.nl\/#website"},"primaryImageOfPage":{"@id":"https:\/\/fishxl.nl\/de\/arbeitsweise\/#primaryimage"},"image":{"@id":"https:\/\/fishxl.nl\/de\/arbeitsweise\/#primaryimage"},"thumbnailUrl":"https:\/\/fishxl.nl\/wp-content\/uploads\/2015\/06\/FishXL_IMG_3546.jpg","datePublished":"2017-01-24T13:46:58+00:00","dateModified":"2017-01-24T13:50:53+00:00","breadcrumb":{"@id":"https:\/\/fishxl.nl\/de\/arbeitsweise\/#breadcrumb"},"inLanguage":"de","potentialAction":[{"@type":"ReadAction","target":["https:\/\/fishxl.nl\/de\/arbeitsweise\/"]}]},{"@type":"ImageObject","inLanguage":"de","@id":"https:\/\/fishxl.nl\/de\/arbeitsweise\/#primaryimage","url":"https:\/\/fishxl.nl\/wp-content\/uploads\/2015\/06\/FishXL_IMG_3546.jpg","contentUrl":"https:\/\/fishxl.nl\/wp-content\/uploads\/2015\/06\/FishXL_IMG_3546.jpg","width":1920,"height":710},{"@type":"BreadcrumbList","@id":"https:\/\/fishxl.nl\/de\/arbeitsweise\/#breadcrumb","itemListElement":[{"@type":"ListItem","position":1,"name":"Home","item":"https:\/\/fishxl.nl\/de\/"},{"@type":"ListItem","position":2,"name":"Arbeitsweise"}]},{"@type":"WebSite","@id":"https:\/\/fishxl.nl\/#website","url":"https:\/\/fishxl.nl\/","name":"FishXL","description":"","potentialAction":[{"@type":"SearchAction","target":{"@type":"EntryPoint","urlTemplate":"https:\/\/fishxl.nl\/?s={search_term_string}"},"query-input":{"@type":"PropertyValueSpecification","valueRequired":true,"valueName":"search_term_string"}}],"inLanguage":"de"}]}},"_links":{"self":[{"href":"https:\/\/fishxl.nl\/de\/wp-json\/wp\/v2\/pages\/2433","targetHints":{"allow":["GET"]}}],"collection":[{"href":"https:\/\/fishxl.nl\/de\/wp-json\/wp\/v2\/pages"}],"about":[{"href":"https:\/\/fishxl.nl\/de\/wp-json\/wp\/v2\/types\/page"}],"author":[{"embeddable":true,"href":"https:\/\/fishxl.nl\/de\/wp-json\/wp\/v2\/users\/2"}],"replies":[{"embeddable":true,"href":"https:\/\/fishxl.nl\/de\/wp-json\/wp\/v2\/comments?post=2433"}],"version-history":[{"count":2,"href":"https:\/\/fishxl.nl\/de\/wp-json\/wp\/v2\/pages\/2433\/revisions"}],"predecessor-version":[{"id":2552,"href":"https:\/\/fishxl.nl\/de\/wp-json\/wp\/v2\/pages\/2433\/revisions\/2552"}],"wp:featuredmedia":[{"embeddable":true,"href":"https:\/\/fishxl.nl\/de\/wp-json\/wp\/v2\/media\/2551"}],"wp:attachment":[{"href":"https:\/\/fishxl.nl\/de\/wp-json\/wp\/v2\/media?parent=2433"}],"curies":[{"name":"wp","href":"https:\/\/api.w.org\/{rel}","templated":true}]}}