{"id":2434,"date":"2015-06-15T17:13:27","date_gmt":"2015-06-15T15:13:27","guid":{"rendered":"https:\/\/www.fishxl.nl\/wordpress\/?page_id=2434\/"},"modified":"2017-01-24T14:44:19","modified_gmt":"2017-01-24T13:44:19","slug":"fisch","status":"publish","type":"page","link":"https:\/\/fishxl.nl\/de\/produkten\/fisch\/","title":{"rendered":"Fisch"},"content":{"rendered":"<p>Sind Sie auf der Suche nach wunderbar frischem und erstklassigem Fisch, der von einem angesehenen und zuverl\u00e4ssigen Partner geliefert wird, sind Sie bei Fish XL an der richtigen Adresse. Es ist unser Auftrag und unsere Leidenschaft, ausschlie\u00dflich den besten und frischesten Fisch zu liefern. Mit Fish XL k\u00f6nnen Sie sich darauf verlassen, dass Ihre K\u00fcche stets mit hochwertigem, k\u00f6stlichem und frischem Fisch versorgt wird.<\/p>\n","protected":false},"excerpt":{"rendered":"<p>Sind Sie auf der Suche nach wunderbar frischem und erstklassigem<span class=\"readmore\">&#8230;<\/span><\/p>\n","protected":false},"author":2,"featured_media":2549,"parent":2431,"menu_order":1,"comment_status":"closed","ping_status":"closed","template":"templates\/portfolio.php","meta":{"_acf_changed":false,"ngg_post_thumbnail":0,"footnotes":""},"class_list":["post-2434","page","type-page","status-publish","has-post-thumbnail","hentry"],"acf":[],"yoast_head":"<!-- This site is optimized with the Yoast SEO plugin v27.1.1 - https:\/\/yoast.com\/product\/yoast-seo-wordpress\/ -->\n<title>Fisch - FishXL<\/title>\n<meta name=\"robots\" content=\"index, follow, max-snippet:-1, max-image-preview:large, max-video-preview:-1\" \/>\n<link rel=\"canonical\" href=\"https:\/\/fishxl.nl\/de\/produkten\/fisch\/\" \/>\n<meta property=\"og:locale\" content=\"de_DE\" \/>\n<meta property=\"og:type\" content=\"article\" \/>\n<meta property=\"og:title\" content=\"Fisch - FishXL\" \/>\n<meta property=\"og:description\" content=\"Sind Sie auf der Suche nach wunderbar frischem und erstklassigem...\" \/>\n<meta property=\"og:url\" content=\"https:\/\/fishxl.nl\/de\/produkten\/fisch\/\" \/>\n<meta property=\"og:site_name\" content=\"FishXL\" \/>\n<meta property=\"article:modified_time\" content=\"2017-01-24T13:44:19+00:00\" \/>\n<meta property=\"og:image\" content=\"https:\/\/fishxl.nl\/wp-content\/uploads\/2015\/06\/FishXL-in-Yerseke_WL_9121.jpg\" \/>\n\t<meta property=\"og:image:width\" content=\"1920\" \/>\n\t<meta property=\"og:image:height\" content=\"710\" \/>\n\t<meta property=\"og:image:type\" content=\"image\/jpeg\" \/>\n<meta name=\"twitter:card\" content=\"summary_large_image\" \/>\n<script type=\"application\/ld+json\" class=\"yoast-schema-graph\">{\"@context\":\"https:\/\/schema.org\",\"@graph\":[{\"@type\":\"WebPage\",\"@id\":\"https:\/\/fishxl.nl\/de\/produkten\/fisch\/\",\"url\":\"https:\/\/fishxl.nl\/de\/produkten\/fisch\/\",\"name\":\"Fisch - FishXL\",\"isPartOf\":{\"@id\":\"https:\/\/fishxl.nl\/#website\"},\"primaryImageOfPage\":{\"@id\":\"https:\/\/fishxl.nl\/de\/produkten\/fisch\/#primaryimage\"},\"image\":{\"@id\":\"https:\/\/fishxl.nl\/de\/produkten\/fisch\/#primaryimage\"},\"thumbnailUrl\":\"https:\/\/fishxl.nl\/wp-content\/uploads\/2015\/06\/FishXL-in-Yerseke_WL_9121.jpg\",\"datePublished\":\"2015-06-15T15:13:27+00:00\",\"dateModified\":\"2017-01-24T13:44:19+00:00\",\"breadcrumb\":{\"@id\":\"https:\/\/fishxl.nl\/de\/produkten\/fisch\/#breadcrumb\"},\"inLanguage\":\"de\",\"potentialAction\":[{\"@type\":\"ReadAction\",\"target\":[\"https:\/\/fishxl.nl\/de\/produkten\/fisch\/\"]}]},{\"@type\":\"ImageObject\",\"inLanguage\":\"de\",\"@id\":\"https:\/\/fishxl.nl\/de\/produkten\/fisch\/#primaryimage\",\"url\":\"https:\/\/fishxl.nl\/wp-content\/uploads\/2015\/06\/FishXL-in-Yerseke_WL_9121.jpg\",\"contentUrl\":\"https:\/\/fishxl.nl\/wp-content\/uploads\/2015\/06\/FishXL-in-Yerseke_WL_9121.jpg\",\"width\":1920,\"height\":710},{\"@type\":\"BreadcrumbList\",\"@id\":\"https:\/\/fishxl.nl\/de\/produkten\/fisch\/#breadcrumb\",\"itemListElement\":[{\"@type\":\"ListItem\",\"position\":1,\"name\":\"Home\",\"item\":\"https:\/\/fishxl.nl\/de\/\"},{\"@type\":\"ListItem\",\"position\":2,\"name\":\"Produkten\",\"item\":\"https:\/\/fishxl.nl\/de\/produkten\/\"},{\"@type\":\"ListItem\",\"position\":3,\"name\":\"Fisch\"}]},{\"@type\":\"WebSite\",\"@id\":\"https:\/\/fishxl.nl\/#website\",\"url\":\"https:\/\/fishxl.nl\/\",\"name\":\"FishXL\",\"description\":\"\",\"potentialAction\":[{\"@type\":\"SearchAction\",\"target\":{\"@type\":\"EntryPoint\",\"urlTemplate\":\"https:\/\/fishxl.nl\/?s={search_term_string}\"},\"query-input\":{\"@type\":\"PropertyValueSpecification\",\"valueRequired\":true,\"valueName\":\"search_term_string\"}}],\"inLanguage\":\"de\"}]}<\/script>\n<!-- \/ Yoast SEO plugin. -->","yoast_head_json":{"title":"Fisch - FishXL","robots":{"index":"index","follow":"follow","max-snippet":"max-snippet:-1","max-image-preview":"max-image-preview:large","max-video-preview":"max-video-preview:-1"},"canonical":"https:\/\/fishxl.nl\/de\/produkten\/fisch\/","og_locale":"de_DE","og_type":"article","og_title":"Fisch - FishXL","og_description":"Sind Sie auf der Suche nach wunderbar frischem und erstklassigem...","og_url":"https:\/\/fishxl.nl\/de\/produkten\/fisch\/","og_site_name":"FishXL","article_modified_time":"2017-01-24T13:44:19+00:00","og_image":[{"width":1920,"height":710,"url":"https:\/\/fishxl.nl\/wp-content\/uploads\/2015\/06\/FishXL-in-Yerseke_WL_9121.jpg","type":"image\/jpeg"}],"twitter_card":"summary_large_image","schema":{"@context":"https:\/\/schema.org","@graph":[{"@type":"WebPage","@id":"https:\/\/fishxl.nl\/de\/produkten\/fisch\/","url":"https:\/\/fishxl.nl\/de\/produkten\/fisch\/","name":"Fisch - FishXL","isPartOf":{"@id":"https:\/\/fishxl.nl\/#website"},"primaryImageOfPage":{"@id":"https:\/\/fishxl.nl\/de\/produkten\/fisch\/#primaryimage"},"image":{"@id":"https:\/\/fishxl.nl\/de\/produkten\/fisch\/#primaryimage"},"thumbnailUrl":"https:\/\/fishxl.nl\/wp-content\/uploads\/2015\/06\/FishXL-in-Yerseke_WL_9121.jpg","datePublished":"2015-06-15T15:13:27+00:00","dateModified":"2017-01-24T13:44:19+00:00","breadcrumb":{"@id":"https:\/\/fishxl.nl\/de\/produkten\/fisch\/#breadcrumb"},"inLanguage":"de","potentialAction":[{"@type":"ReadAction","target":["https:\/\/fishxl.nl\/de\/produkten\/fisch\/"]}]},{"@type":"ImageObject","inLanguage":"de","@id":"https:\/\/fishxl.nl\/de\/produkten\/fisch\/#primaryimage","url":"https:\/\/fishxl.nl\/wp-content\/uploads\/2015\/06\/FishXL-in-Yerseke_WL_9121.jpg","contentUrl":"https:\/\/fishxl.nl\/wp-content\/uploads\/2015\/06\/FishXL-in-Yerseke_WL_9121.jpg","width":1920,"height":710},{"@type":"BreadcrumbList","@id":"https:\/\/fishxl.nl\/de\/produkten\/fisch\/#breadcrumb","itemListElement":[{"@type":"ListItem","position":1,"name":"Home","item":"https:\/\/fishxl.nl\/de\/"},{"@type":"ListItem","position":2,"name":"Produkten","item":"https:\/\/fishxl.nl\/de\/produkten\/"},{"@type":"ListItem","position":3,"name":"Fisch"}]},{"@type":"WebSite","@id":"https:\/\/fishxl.nl\/#website","url":"https:\/\/fishxl.nl\/","name":"FishXL","description":"","potentialAction":[{"@type":"SearchAction","target":{"@type":"EntryPoint","urlTemplate":"https:\/\/fishxl.nl\/?s={search_term_string}"},"query-input":{"@type":"PropertyValueSpecification","valueRequired":true,"valueName":"search_term_string"}}],"inLanguage":"de"}]}},"_links":{"self":[{"href":"https:\/\/fishxl.nl\/de\/wp-json\/wp\/v2\/pages\/2434","targetHints":{"allow":["GET"]}}],"collection":[{"href":"https:\/\/fishxl.nl\/de\/wp-json\/wp\/v2\/pages"}],"about":[{"href":"https:\/\/fishxl.nl\/de\/wp-json\/wp\/v2\/types\/page"}],"author":[{"embeddable":true,"href":"https:\/\/fishxl.nl\/de\/wp-json\/wp\/v2\/users\/2"}],"replies":[{"embeddable":true,"href":"https:\/\/fishxl.nl\/de\/wp-json\/wp\/v2\/comments?post=2434"}],"version-history":[{"count":5,"href":"https:\/\/fishxl.nl\/de\/wp-json\/wp\/v2\/pages\/2434\/revisions"}],"predecessor-version":[{"id":2547,"href":"https:\/\/fishxl.nl\/de\/wp-json\/wp\/v2\/pages\/2434\/revisions\/2547"}],"up":[{"embeddable":true,"href":"https:\/\/fishxl.nl\/de\/wp-json\/wp\/v2\/pages\/2431"}],"wp:featuredmedia":[{"embeddable":true,"href":"https:\/\/fishxl.nl\/de\/wp-json\/wp\/v2\/media\/2549"}],"wp:attachment":[{"href":"https:\/\/fishxl.nl\/de\/wp-json\/wp\/v2\/media?parent=2434"}],"curies":[{"name":"wp","href":"https:\/\/api.w.org\/{rel}","templated":true}]}}