{"id":2436,"date":"2017-01-20T15:29:30","date_gmt":"2017-01-20T14:29:30","guid":{"rendered":"https:\/\/www.fishxl.nl\/wordpress\/?page_id=2436\/"},"modified":"2017-01-24T14:57:02","modified_gmt":"2017-01-24T13:57:02","slug":"krusten-und-schalentiere","status":"publish","type":"page","link":"https:\/\/fishxl.nl\/de\/produkten\/krusten-und-schalentiere\/","title":{"rendered":"Krusten- und Schalentiere"},"content":{"rendered":"<p>Wir verkaufen ausschlie\u00dflich die besten Krusten- und Schalentiere und garantieren absolute Qualit\u00e4t und Frische. Nahezu alle unsere Krusten- und Schalentiere werden fr\u00fchmorgens aus der Oosterschelde gefischt und Ihnen noch am selben Tag geliefert. Noch frischer geht es nicht!<\/p>\n<p>Wir bieten eine gro\u00dfe Vielfalt an Krusten-und Schalentieren, unter anderem Krebse, Krabben, Hummer, norwegische Krabben, Nordseekrabben, Jakobsmuscheln, Muscheln, Austern, Venusmuscheln und vieles mehr!<\/p>\n","protected":false},"excerpt":{"rendered":"<p>Wir verkaufen ausschlie\u00dflich die besten Krusten- und Schalentiere und garantieren<span class=\"readmore\">&#8230;<\/span><\/p>\n","protected":false},"author":2,"featured_media":2601,"parent":2431,"menu_order":2,"comment_status":"closed","ping_status":"closed","template":"templates\/portfolio.php","meta":{"_acf_changed":false,"ngg_post_thumbnail":0,"footnotes":""},"class_list":["post-2436","page","type-page","status-publish","has-post-thumbnail","hentry"],"acf":[],"yoast_head":"<!-- This site is optimized with the Yoast SEO plugin v27.1.1 - https:\/\/yoast.com\/product\/yoast-seo-wordpress\/ -->\n<title>Krusten- und Schalentiere - FishXL<\/title>\n<meta name=\"robots\" content=\"index, follow, max-snippet:-1, max-image-preview:large, max-video-preview:-1\" \/>\n<link rel=\"canonical\" href=\"https:\/\/fishxl.nl\/de\/produkten\/krusten-und-schalentiere\/\" \/>\n<meta property=\"og:locale\" content=\"de_DE\" \/>\n<meta property=\"og:type\" content=\"article\" \/>\n<meta property=\"og:title\" content=\"Krusten- und Schalentiere - FishXL\" \/>\n<meta property=\"og:description\" content=\"Wir verkaufen ausschlie\u00dflich die besten Krusten- und Schalentiere und garantieren...\" \/>\n<meta property=\"og:url\" content=\"https:\/\/fishxl.nl\/de\/produkten\/krusten-und-schalentiere\/\" \/>\n<meta property=\"og:site_name\" content=\"FishXL\" \/>\n<meta property=\"article:modified_time\" content=\"2017-01-24T13:57:02+00:00\" \/>\n<meta property=\"og:image\" content=\"https:\/\/fishxl.nl\/wp-content\/uploads\/2015\/06\/FishXL_home03.jpg\" \/>\n\t<meta property=\"og:image:width\" content=\"1920\" \/>\n\t<meta property=\"og:image:height\" content=\"710\" \/>\n\t<meta property=\"og:image:type\" content=\"image\/jpeg\" \/>\n<meta name=\"twitter:card\" content=\"summary_large_image\" \/>\n<script type=\"application\/ld+json\" class=\"yoast-schema-graph\">{\"@context\":\"https:\/\/schema.org\",\"@graph\":[{\"@type\":\"WebPage\",\"@id\":\"https:\/\/fishxl.nl\/de\/produkten\/krusten-und-schalentiere\/\",\"url\":\"https:\/\/fishxl.nl\/de\/produkten\/krusten-und-schalentiere\/\",\"name\":\"Krusten- und Schalentiere - FishXL\",\"isPartOf\":{\"@id\":\"https:\/\/fishxl.nl\/#website\"},\"primaryImageOfPage\":{\"@id\":\"https:\/\/fishxl.nl\/de\/produkten\/krusten-und-schalentiere\/#primaryimage\"},\"image\":{\"@id\":\"https:\/\/fishxl.nl\/de\/produkten\/krusten-und-schalentiere\/#primaryimage\"},\"thumbnailUrl\":\"https:\/\/fishxl.nl\/wp-content\/uploads\/2015\/06\/FishXL_home03.jpg\",\"datePublished\":\"2017-01-20T14:29:30+00:00\",\"dateModified\":\"2017-01-24T13:57:02+00:00\",\"breadcrumb\":{\"@id\":\"https:\/\/fishxl.nl\/de\/produkten\/krusten-und-schalentiere\/#breadcrumb\"},\"inLanguage\":\"de\",\"potentialAction\":[{\"@type\":\"ReadAction\",\"target\":[\"https:\/\/fishxl.nl\/de\/produkten\/krusten-und-schalentiere\/\"]}]},{\"@type\":\"ImageObject\",\"inLanguage\":\"de\",\"@id\":\"https:\/\/fishxl.nl\/de\/produkten\/krusten-und-schalentiere\/#primaryimage\",\"url\":\"https:\/\/fishxl.nl\/wp-content\/uploads\/2015\/06\/FishXL_home03.jpg\",\"contentUrl\":\"https:\/\/fishxl.nl\/wp-content\/uploads\/2015\/06\/FishXL_home03.jpg\",\"width\":1920,\"height\":710},{\"@type\":\"BreadcrumbList\",\"@id\":\"https:\/\/fishxl.nl\/de\/produkten\/krusten-und-schalentiere\/#breadcrumb\",\"itemListElement\":[{\"@type\":\"ListItem\",\"position\":1,\"name\":\"Home\",\"item\":\"https:\/\/fishxl.nl\/de\/\"},{\"@type\":\"ListItem\",\"position\":2,\"name\":\"Produkten\",\"item\":\"https:\/\/fishxl.nl\/de\/produkten\/\"},{\"@type\":\"ListItem\",\"position\":3,\"name\":\"Krusten- und Schalentiere\"}]},{\"@type\":\"WebSite\",\"@id\":\"https:\/\/fishxl.nl\/#website\",\"url\":\"https:\/\/fishxl.nl\/\",\"name\":\"FishXL\",\"description\":\"\",\"potentialAction\":[{\"@type\":\"SearchAction\",\"target\":{\"@type\":\"EntryPoint\",\"urlTemplate\":\"https:\/\/fishxl.nl\/?s={search_term_string}\"},\"query-input\":{\"@type\":\"PropertyValueSpecification\",\"valueRequired\":true,\"valueName\":\"search_term_string\"}}],\"inLanguage\":\"de\"}]}<\/script>\n<!-- \/ Yoast SEO plugin. -->","yoast_head_json":{"title":"Krusten- und Schalentiere - FishXL","robots":{"index":"index","follow":"follow","max-snippet":"max-snippet:-1","max-image-preview":"max-image-preview:large","max-video-preview":"max-video-preview:-1"},"canonical":"https:\/\/fishxl.nl\/de\/produkten\/krusten-und-schalentiere\/","og_locale":"de_DE","og_type":"article","og_title":"Krusten- und Schalentiere - FishXL","og_description":"Wir verkaufen ausschlie\u00dflich die besten Krusten- und Schalentiere und garantieren...","og_url":"https:\/\/fishxl.nl\/de\/produkten\/krusten-und-schalentiere\/","og_site_name":"FishXL","article_modified_time":"2017-01-24T13:57:02+00:00","og_image":[{"width":1920,"height":710,"url":"https:\/\/fishxl.nl\/wp-content\/uploads\/2015\/06\/FishXL_home03.jpg","type":"image\/jpeg"}],"twitter_card":"summary_large_image","schema":{"@context":"https:\/\/schema.org","@graph":[{"@type":"WebPage","@id":"https:\/\/fishxl.nl\/de\/produkten\/krusten-und-schalentiere\/","url":"https:\/\/fishxl.nl\/de\/produkten\/krusten-und-schalentiere\/","name":"Krusten- und Schalentiere - FishXL","isPartOf":{"@id":"https:\/\/fishxl.nl\/#website"},"primaryImageOfPage":{"@id":"https:\/\/fishxl.nl\/de\/produkten\/krusten-und-schalentiere\/#primaryimage"},"image":{"@id":"https:\/\/fishxl.nl\/de\/produkten\/krusten-und-schalentiere\/#primaryimage"},"thumbnailUrl":"https:\/\/fishxl.nl\/wp-content\/uploads\/2015\/06\/FishXL_home03.jpg","datePublished":"2017-01-20T14:29:30+00:00","dateModified":"2017-01-24T13:57:02+00:00","breadcrumb":{"@id":"https:\/\/fishxl.nl\/de\/produkten\/krusten-und-schalentiere\/#breadcrumb"},"inLanguage":"de","potentialAction":[{"@type":"ReadAction","target":["https:\/\/fishxl.nl\/de\/produkten\/krusten-und-schalentiere\/"]}]},{"@type":"ImageObject","inLanguage":"de","@id":"https:\/\/fishxl.nl\/de\/produkten\/krusten-und-schalentiere\/#primaryimage","url":"https:\/\/fishxl.nl\/wp-content\/uploads\/2015\/06\/FishXL_home03.jpg","contentUrl":"https:\/\/fishxl.nl\/wp-content\/uploads\/2015\/06\/FishXL_home03.jpg","width":1920,"height":710},{"@type":"BreadcrumbList","@id":"https:\/\/fishxl.nl\/de\/produkten\/krusten-und-schalentiere\/#breadcrumb","itemListElement":[{"@type":"ListItem","position":1,"name":"Home","item":"https:\/\/fishxl.nl\/de\/"},{"@type":"ListItem","position":2,"name":"Produkten","item":"https:\/\/fishxl.nl\/de\/produkten\/"},{"@type":"ListItem","position":3,"name":"Krusten- und Schalentiere"}]},{"@type":"WebSite","@id":"https:\/\/fishxl.nl\/#website","url":"https:\/\/fishxl.nl\/","name":"FishXL","description":"","potentialAction":[{"@type":"SearchAction","target":{"@type":"EntryPoint","urlTemplate":"https:\/\/fishxl.nl\/?s={search_term_string}"},"query-input":{"@type":"PropertyValueSpecification","valueRequired":true,"valueName":"search_term_string"}}],"inLanguage":"de"}]}},"_links":{"self":[{"href":"https:\/\/fishxl.nl\/de\/wp-json\/wp\/v2\/pages\/2436","targetHints":{"allow":["GET"]}}],"collection":[{"href":"https:\/\/fishxl.nl\/de\/wp-json\/wp\/v2\/pages"}],"about":[{"href":"https:\/\/fishxl.nl\/de\/wp-json\/wp\/v2\/types\/page"}],"author":[{"embeddable":true,"href":"https:\/\/fishxl.nl\/de\/wp-json\/wp\/v2\/users\/2"}],"replies":[{"embeddable":true,"href":"https:\/\/fishxl.nl\/de\/wp-json\/wp\/v2\/comments?post=2436"}],"version-history":[{"count":1,"href":"https:\/\/fishxl.nl\/de\/wp-json\/wp\/v2\/pages\/2436\/revisions"}],"predecessor-version":[{"id":2437,"href":"https:\/\/fishxl.nl\/de\/wp-json\/wp\/v2\/pages\/2436\/revisions\/2437"}],"up":[{"embeddable":true,"href":"https:\/\/fishxl.nl\/de\/wp-json\/wp\/v2\/pages\/2431"}],"wp:featuredmedia":[{"embeddable":true,"href":"https:\/\/fishxl.nl\/de\/wp-json\/wp\/v2\/media\/2601"}],"wp:attachment":[{"href":"https:\/\/fishxl.nl\/de\/wp-json\/wp\/v2\/media?parent=2436"}],"curies":[{"name":"wp","href":"https:\/\/api.w.org\/{rel}","templated":true}]}}