{"id":2438,"date":"2017-01-20T15:31:10","date_gmt":"2017-01-20T14:31:10","guid":{"rendered":"https:\/\/www.fishxl.nl\/wordpress\/?page_id=2438\/"},"modified":"2017-01-24T15:41:52","modified_gmt":"2017-01-24T14:41:52","slug":"meergruen","status":"publish","type":"page","link":"https:\/\/fishxl.nl\/de\/produkten\/meergruen\/","title":{"rendered":"Meergr\u00fcn"},"content":{"rendered":"<p>Fish XL liefert ebenfalls &#8222;Meergr\u00fcn\u201c wie Queller und Strandflieder. Diese besonderen Gem\u00fcsesorten sind herrlich knackig, frisch und leicht salzig \u2026 ein Hochgenuss. Diese Produkte bilden eine ideale Beilage zu zahlreichen Gerichten, wie beispielsweise zu Fisch. Diese Gem\u00fcsesorten sind perfekt dazu geeignet, Ihren Gerichten eine besondere Farbe, einen bestimmten Geschmack oder eine gewisse Textur zu verleihen. Setzen Sie sich f\u00fcr weiterf\u00fchrende Ausk\u00fcnfte mit uns in Verbindung!<\/p>\nngg_shortcode_0_placeholder\n","protected":false},"excerpt":{"rendered":"<p>Fish XL liefert ebenfalls &#8222;Meergr\u00fcn\u201c wie Queller und Strandflieder. Diese<span class=\"readmore\">&#8230;<\/span><\/p>\n","protected":false},"author":2,"featured_media":2627,"parent":2431,"menu_order":3,"comment_status":"closed","ping_status":"closed","template":"","meta":{"_acf_changed":false,"ngg_post_thumbnail":0,"footnotes":""},"class_list":["post-2438","page","type-page","status-publish","has-post-thumbnail","hentry"],"acf":[],"yoast_head":"<!-- This site is optimized with the Yoast SEO plugin v27.1.1 - https:\/\/yoast.com\/product\/yoast-seo-wordpress\/ -->\n<title>Meergr\u00fcn - FishXL<\/title>\n<meta name=\"robots\" content=\"index, follow, max-snippet:-1, max-image-preview:large, max-video-preview:-1\" \/>\n<link rel=\"canonical\" href=\"https:\/\/fishxl.nl\/de\/produkten\/meergruen\/\" \/>\n<meta property=\"og:locale\" content=\"de_DE\" \/>\n<meta property=\"og:type\" content=\"article\" \/>\n<meta property=\"og:title\" content=\"Meergr\u00fcn - FishXL\" \/>\n<meta property=\"og:description\" content=\"Fish XL liefert ebenfalls &#8222;Meergr\u00fcn\u201c wie Queller und Strandflieder. Diese...\" \/>\n<meta property=\"og:url\" content=\"https:\/\/fishxl.nl\/de\/produkten\/meergruen\/\" \/>\n<meta property=\"og:site_name\" content=\"FishXL\" \/>\n<meta property=\"article:modified_time\" content=\"2017-01-24T14:41:52+00:00\" \/>\n<meta property=\"og:image\" content=\"https:\/\/fishxl.nl\/wp-content\/uploads\/2015\/06\/FishXL_home02.jpg\" \/>\n\t<meta property=\"og:image:width\" content=\"1920\" \/>\n\t<meta property=\"og:image:height\" content=\"710\" \/>\n\t<meta property=\"og:image:type\" content=\"image\/jpeg\" \/>\n<meta name=\"twitter:card\" content=\"summary_large_image\" \/>\n<script type=\"application\/ld+json\" class=\"yoast-schema-graph\">{\"@context\":\"https:\/\/schema.org\",\"@graph\":[{\"@type\":\"WebPage\",\"@id\":\"https:\/\/fishxl.nl\/de\/produkten\/meergruen\/\",\"url\":\"https:\/\/fishxl.nl\/de\/produkten\/meergruen\/\",\"name\":\"Meergr\u00fcn - FishXL\",\"isPartOf\":{\"@id\":\"https:\/\/fishxl.nl\/#website\"},\"primaryImageOfPage\":{\"@id\":\"https:\/\/fishxl.nl\/de\/produkten\/meergruen\/#primaryimage\"},\"image\":{\"@id\":\"https:\/\/fishxl.nl\/de\/produkten\/meergruen\/#primaryimage\"},\"thumbnailUrl\":\"https:\/\/fishxl.nl\/wp-content\/uploads\/2015\/06\/FishXL_home02.jpg\",\"datePublished\":\"2017-01-20T14:31:10+00:00\",\"dateModified\":\"2017-01-24T14:41:52+00:00\",\"breadcrumb\":{\"@id\":\"https:\/\/fishxl.nl\/de\/produkten\/meergruen\/#breadcrumb\"},\"inLanguage\":\"de\",\"potentialAction\":[{\"@type\":\"ReadAction\",\"target\":[\"https:\/\/fishxl.nl\/de\/produkten\/meergruen\/\"]}]},{\"@type\":\"ImageObject\",\"inLanguage\":\"de\",\"@id\":\"https:\/\/fishxl.nl\/de\/produkten\/meergruen\/#primaryimage\",\"url\":\"https:\/\/fishxl.nl\/wp-content\/uploads\/2015\/06\/FishXL_home02.jpg\",\"contentUrl\":\"https:\/\/fishxl.nl\/wp-content\/uploads\/2015\/06\/FishXL_home02.jpg\",\"width\":1920,\"height\":710},{\"@type\":\"BreadcrumbList\",\"@id\":\"https:\/\/fishxl.nl\/de\/produkten\/meergruen\/#breadcrumb\",\"itemListElement\":[{\"@type\":\"ListItem\",\"position\":1,\"name\":\"Home\",\"item\":\"https:\/\/fishxl.nl\/de\/\"},{\"@type\":\"ListItem\",\"position\":2,\"name\":\"Produkten\",\"item\":\"https:\/\/fishxl.nl\/de\/produkten\/\"},{\"@type\":\"ListItem\",\"position\":3,\"name\":\"Meergr\u00fcn\"}]},{\"@type\":\"WebSite\",\"@id\":\"https:\/\/fishxl.nl\/#website\",\"url\":\"https:\/\/fishxl.nl\/\",\"name\":\"FishXL\",\"description\":\"\",\"potentialAction\":[{\"@type\":\"SearchAction\",\"target\":{\"@type\":\"EntryPoint\",\"urlTemplate\":\"https:\/\/fishxl.nl\/?s={search_term_string}\"},\"query-input\":{\"@type\":\"PropertyValueSpecification\",\"valueRequired\":true,\"valueName\":\"search_term_string\"}}],\"inLanguage\":\"de\"}]}<\/script>\n<!-- \/ Yoast SEO plugin. -->","yoast_head_json":{"title":"Meergr\u00fcn - FishXL","robots":{"index":"index","follow":"follow","max-snippet":"max-snippet:-1","max-image-preview":"max-image-preview:large","max-video-preview":"max-video-preview:-1"},"canonical":"https:\/\/fishxl.nl\/de\/produkten\/meergruen\/","og_locale":"de_DE","og_type":"article","og_title":"Meergr\u00fcn - FishXL","og_description":"Fish XL liefert ebenfalls &#8222;Meergr\u00fcn\u201c wie Queller und Strandflieder. Diese...","og_url":"https:\/\/fishxl.nl\/de\/produkten\/meergruen\/","og_site_name":"FishXL","article_modified_time":"2017-01-24T14:41:52+00:00","og_image":[{"width":1920,"height":710,"url":"https:\/\/fishxl.nl\/wp-content\/uploads\/2015\/06\/FishXL_home02.jpg","type":"image\/jpeg"}],"twitter_card":"summary_large_image","schema":{"@context":"https:\/\/schema.org","@graph":[{"@type":"WebPage","@id":"https:\/\/fishxl.nl\/de\/produkten\/meergruen\/","url":"https:\/\/fishxl.nl\/de\/produkten\/meergruen\/","name":"Meergr\u00fcn - FishXL","isPartOf":{"@id":"https:\/\/fishxl.nl\/#website"},"primaryImageOfPage":{"@id":"https:\/\/fishxl.nl\/de\/produkten\/meergruen\/#primaryimage"},"image":{"@id":"https:\/\/fishxl.nl\/de\/produkten\/meergruen\/#primaryimage"},"thumbnailUrl":"https:\/\/fishxl.nl\/wp-content\/uploads\/2015\/06\/FishXL_home02.jpg","datePublished":"2017-01-20T14:31:10+00:00","dateModified":"2017-01-24T14:41:52+00:00","breadcrumb":{"@id":"https:\/\/fishxl.nl\/de\/produkten\/meergruen\/#breadcrumb"},"inLanguage":"de","potentialAction":[{"@type":"ReadAction","target":["https:\/\/fishxl.nl\/de\/produkten\/meergruen\/"]}]},{"@type":"ImageObject","inLanguage":"de","@id":"https:\/\/fishxl.nl\/de\/produkten\/meergruen\/#primaryimage","url":"https:\/\/fishxl.nl\/wp-content\/uploads\/2015\/06\/FishXL_home02.jpg","contentUrl":"https:\/\/fishxl.nl\/wp-content\/uploads\/2015\/06\/FishXL_home02.jpg","width":1920,"height":710},{"@type":"BreadcrumbList","@id":"https:\/\/fishxl.nl\/de\/produkten\/meergruen\/#breadcrumb","itemListElement":[{"@type":"ListItem","position":1,"name":"Home","item":"https:\/\/fishxl.nl\/de\/"},{"@type":"ListItem","position":2,"name":"Produkten","item":"https:\/\/fishxl.nl\/de\/produkten\/"},{"@type":"ListItem","position":3,"name":"Meergr\u00fcn"}]},{"@type":"WebSite","@id":"https:\/\/fishxl.nl\/#website","url":"https:\/\/fishxl.nl\/","name":"FishXL","description":"","potentialAction":[{"@type":"SearchAction","target":{"@type":"EntryPoint","urlTemplate":"https:\/\/fishxl.nl\/?s={search_term_string}"},"query-input":{"@type":"PropertyValueSpecification","valueRequired":true,"valueName":"search_term_string"}}],"inLanguage":"de"}]}},"_links":{"self":[{"href":"https:\/\/fishxl.nl\/de\/wp-json\/wp\/v2\/pages\/2438","targetHints":{"allow":["GET"]}}],"collection":[{"href":"https:\/\/fishxl.nl\/de\/wp-json\/wp\/v2\/pages"}],"about":[{"href":"https:\/\/fishxl.nl\/de\/wp-json\/wp\/v2\/types\/page"}],"author":[{"embeddable":true,"href":"https:\/\/fishxl.nl\/de\/wp-json\/wp\/v2\/users\/2"}],"replies":[{"embeddable":true,"href":"https:\/\/fishxl.nl\/de\/wp-json\/wp\/v2\/comments?post=2438"}],"version-history":[{"count":1,"href":"https:\/\/fishxl.nl\/de\/wp-json\/wp\/v2\/pages\/2438\/revisions"}],"predecessor-version":[{"id":2439,"href":"https:\/\/fishxl.nl\/de\/wp-json\/wp\/v2\/pages\/2438\/revisions\/2439"}],"up":[{"embeddable":true,"href":"https:\/\/fishxl.nl\/de\/wp-json\/wp\/v2\/pages\/2431"}],"wp:featuredmedia":[{"embeddable":true,"href":"https:\/\/fishxl.nl\/de\/wp-json\/wp\/v2\/media\/2627"}],"wp:attachment":[{"href":"https:\/\/fishxl.nl\/de\/wp-json\/wp\/v2\/media?parent=2438"}],"curies":[{"name":"wp","href":"https:\/\/api.w.org\/{rel}","templated":true}]}}