{"id":2638,"date":"2017-01-24T15:54:07","date_gmt":"2017-01-24T14:54:07","guid":{"rendered":"https:\/\/www.fishxl.nl\/wordpress\/?page_id=2638\/"},"modified":"2017-01-24T16:16:32","modified_gmt":"2017-01-24T15:16:32","slug":"nachhaltigkeit","status":"publish","type":"page","link":"https:\/\/fishxl.nl\/de\/nachhaltigkeit\/","title":{"rendered":"Nachhaltigkeit"},"content":{"rendered":"<p class=\"p1\"><span class=\"s1\">Niemand wird abstreiten, wie wichtig Umweltschutz ist. Fish XL sieht das ganz genauso. Schlie\u00dflich h\u00e4ngt unser Erfolg von gesunden Meeren und Ozeanen ab. Aus diesem Grunde glauben wir an Nachhaltigkeit im Fischereisektor und unterst\u00fctzen sie.<\/span><\/p>\n<p class=\"p1\"><span class=\"s1\">Um daf\u00fcr Sorge zu tragen, dass unsere Kunden auch k\u00fcnftig das Beste aus den Meeren und Ozeanen genie\u00dfen k\u00f6nnen, unterst\u00fctzen wir ausschlie\u00dflich die Fischereimethoden, die sich f\u00fcr ein nachhaltiges \u00d6kosystem f\u00fcr die nachfolgenden Generationen verb\u00fcrgen.<\/span><\/p>\n<p class=\"p1\"><span class=\"s1\">Deshalb verf\u00fcgen wir ebenfalls \u00fcber das Marine Stewardship Council Label. Das bedeutet, dass wir die hohen MSX-Standards erf\u00fcllen. Wenn Sie Produkte bei Fish XL kaufen, k\u00f6nnen Sie darauf vertrauen, dass wir die Umwelt achten!<\/span><\/p>\n","protected":false},"excerpt":{"rendered":"<p>Niemand wird abstreiten, wie wichtig Umweltschutz ist. Fish XL sieht<span class=\"readmore\">&#8230;<\/span><\/p>\n","protected":false},"author":2,"featured_media":0,"parent":0,"menu_order":6,"comment_status":"closed","ping_status":"closed","template":"","meta":{"_acf_changed":false,"ngg_post_thumbnail":0,"footnotes":""},"class_list":["post-2638","page","type-page","status-publish","hentry"],"acf":[],"yoast_head":"<!-- This site is optimized with the Yoast SEO plugin v27.1.1 - https:\/\/yoast.com\/product\/yoast-seo-wordpress\/ -->\n<title>Nachhaltigkeit - FishXL<\/title>\n<meta name=\"robots\" content=\"index, follow, max-snippet:-1, max-image-preview:large, max-video-preview:-1\" \/>\n<link rel=\"canonical\" href=\"https:\/\/fishxl.nl\/de\/nachhaltigkeit\/\" \/>\n<meta property=\"og:locale\" content=\"de_DE\" \/>\n<meta property=\"og:type\" content=\"article\" \/>\n<meta property=\"og:title\" content=\"Nachhaltigkeit - FishXL\" \/>\n<meta property=\"og:description\" content=\"Niemand wird abstreiten, wie wichtig Umweltschutz ist. Fish XL sieht...\" \/>\n<meta property=\"og:url\" content=\"https:\/\/fishxl.nl\/de\/nachhaltigkeit\/\" \/>\n<meta property=\"og:site_name\" content=\"FishXL\" \/>\n<meta property=\"article:modified_time\" content=\"2017-01-24T15:16:32+00:00\" \/>\n<meta name=\"twitter:card\" content=\"summary_large_image\" \/>\n<meta name=\"twitter:label1\" content=\"Gesch\u00e4tzte Lesezeit\" \/>\n\t<meta name=\"twitter:data1\" content=\"1\u00a0Minute\" \/>\n<script type=\"application\/ld+json\" class=\"yoast-schema-graph\">{\"@context\":\"https:\/\/schema.org\",\"@graph\":[{\"@type\":\"WebPage\",\"@id\":\"https:\/\/fishxl.nl\/de\/nachhaltigkeit\/\",\"url\":\"https:\/\/fishxl.nl\/de\/nachhaltigkeit\/\",\"name\":\"Nachhaltigkeit - FishXL\",\"isPartOf\":{\"@id\":\"https:\/\/fishxl.nl\/#website\"},\"datePublished\":\"2017-01-24T14:54:07+00:00\",\"dateModified\":\"2017-01-24T15:16:32+00:00\",\"breadcrumb\":{\"@id\":\"https:\/\/fishxl.nl\/de\/nachhaltigkeit\/#breadcrumb\"},\"inLanguage\":\"de\",\"potentialAction\":[{\"@type\":\"ReadAction\",\"target\":[\"https:\/\/fishxl.nl\/de\/nachhaltigkeit\/\"]}]},{\"@type\":\"BreadcrumbList\",\"@id\":\"https:\/\/fishxl.nl\/de\/nachhaltigkeit\/#breadcrumb\",\"itemListElement\":[{\"@type\":\"ListItem\",\"position\":1,\"name\":\"Home\",\"item\":\"https:\/\/fishxl.nl\/de\/\"},{\"@type\":\"ListItem\",\"position\":2,\"name\":\"Nachhaltigkeit\"}]},{\"@type\":\"WebSite\",\"@id\":\"https:\/\/fishxl.nl\/#website\",\"url\":\"https:\/\/fishxl.nl\/\",\"name\":\"FishXL\",\"description\":\"\",\"potentialAction\":[{\"@type\":\"SearchAction\",\"target\":{\"@type\":\"EntryPoint\",\"urlTemplate\":\"https:\/\/fishxl.nl\/?s={search_term_string}\"},\"query-input\":{\"@type\":\"PropertyValueSpecification\",\"valueRequired\":true,\"valueName\":\"search_term_string\"}}],\"inLanguage\":\"de\"}]}<\/script>\n<!-- \/ Yoast SEO plugin. -->","yoast_head_json":{"title":"Nachhaltigkeit - FishXL","robots":{"index":"index","follow":"follow","max-snippet":"max-snippet:-1","max-image-preview":"max-image-preview:large","max-video-preview":"max-video-preview:-1"},"canonical":"https:\/\/fishxl.nl\/de\/nachhaltigkeit\/","og_locale":"de_DE","og_type":"article","og_title":"Nachhaltigkeit - FishXL","og_description":"Niemand wird abstreiten, wie wichtig Umweltschutz ist. Fish XL sieht...","og_url":"https:\/\/fishxl.nl\/de\/nachhaltigkeit\/","og_site_name":"FishXL","article_modified_time":"2017-01-24T15:16:32+00:00","twitter_card":"summary_large_image","twitter_misc":{"Gesch\u00e4tzte Lesezeit":"1\u00a0Minute"},"schema":{"@context":"https:\/\/schema.org","@graph":[{"@type":"WebPage","@id":"https:\/\/fishxl.nl\/de\/nachhaltigkeit\/","url":"https:\/\/fishxl.nl\/de\/nachhaltigkeit\/","name":"Nachhaltigkeit - FishXL","isPartOf":{"@id":"https:\/\/fishxl.nl\/#website"},"datePublished":"2017-01-24T14:54:07+00:00","dateModified":"2017-01-24T15:16:32+00:00","breadcrumb":{"@id":"https:\/\/fishxl.nl\/de\/nachhaltigkeit\/#breadcrumb"},"inLanguage":"de","potentialAction":[{"@type":"ReadAction","target":["https:\/\/fishxl.nl\/de\/nachhaltigkeit\/"]}]},{"@type":"BreadcrumbList","@id":"https:\/\/fishxl.nl\/de\/nachhaltigkeit\/#breadcrumb","itemListElement":[{"@type":"ListItem","position":1,"name":"Home","item":"https:\/\/fishxl.nl\/de\/"},{"@type":"ListItem","position":2,"name":"Nachhaltigkeit"}]},{"@type":"WebSite","@id":"https:\/\/fishxl.nl\/#website","url":"https:\/\/fishxl.nl\/","name":"FishXL","description":"","potentialAction":[{"@type":"SearchAction","target":{"@type":"EntryPoint","urlTemplate":"https:\/\/fishxl.nl\/?s={search_term_string}"},"query-input":{"@type":"PropertyValueSpecification","valueRequired":true,"valueName":"search_term_string"}}],"inLanguage":"de"}]}},"_links":{"self":[{"href":"https:\/\/fishxl.nl\/de\/wp-json\/wp\/v2\/pages\/2638","targetHints":{"allow":["GET"]}}],"collection":[{"href":"https:\/\/fishxl.nl\/de\/wp-json\/wp\/v2\/pages"}],"about":[{"href":"https:\/\/fishxl.nl\/de\/wp-json\/wp\/v2\/types\/page"}],"author":[{"embeddable":true,"href":"https:\/\/fishxl.nl\/de\/wp-json\/wp\/v2\/users\/2"}],"replies":[{"embeddable":true,"href":"https:\/\/fishxl.nl\/de\/wp-json\/wp\/v2\/comments?post=2638"}],"version-history":[{"count":2,"href":"https:\/\/fishxl.nl\/de\/wp-json\/wp\/v2\/pages\/2638\/revisions"}],"predecessor-version":[{"id":2650,"href":"https:\/\/fishxl.nl\/de\/wp-json\/wp\/v2\/pages\/2638\/revisions\/2650"}],"wp:attachment":[{"href":"https:\/\/fishxl.nl\/de\/wp-json\/wp\/v2\/media?parent=2638"}],"curies":[{"name":"wp","href":"https:\/\/api.w.org\/{rel}","templated":true}]}}