{"id":2642,"date":"2017-01-24T16:11:11","date_gmt":"2017-01-24T15:11:11","guid":{"rendered":"https:\/\/www.fishxl.nl\/wordpress\/?page_id=2642\/"},"modified":"2017-01-25T12:08:22","modified_gmt":"2017-01-25T11:08:22","slug":"zertifizierung-3","status":"publish","type":"page","link":"https:\/\/fishxl.nl\/de\/zertifizierung-3\/","title":{"rendered":"Zertifizierung"},"content":{"rendered":"<p class=\"p2\"><span class=\"s1\">Bei HACCP handelt es sich um ein Kontrollsystem zur Gew\u00e4hrleistung der h\u00f6chsten Standards in Sachen Lebensmittelsicherheit im Sektor. Damit sorgt HACCP daf\u00fcr, dass jeglicher Umgang mit Lebensmittelprodukten streng kontrolliert wird, um Ihnen die Gew\u00e4hr zu bieten, dass das Lebensmittel unbedenklich f\u00fcr den Verzehr ist.<\/span><\/p>\n<p class=\"p2\"><span class=\"s1\">Selbstverst\u00e4ndlich ist Fish XL HACCP-zertifiziert. Das bedeutet, dass alle unsere Produkte \u2013 darunter Fisch, Meeresfr\u00fcchte und Krustentiere \u2013 den h\u00f6chsten Standards entsprechen. Wir tragen daf\u00fcr Sorge, dass jeder Schritt in unserem operativen Prozess den HACCP-Normen entspricht, damit Sie unbesorgt sein k\u00f6nnen, dass die Verbraucher k\u00f6stlichen, frischen und sicheren Fisch, der den h\u00f6chsten Standards in Sachen Lebensmittelsicherheit gen\u00fcgt, genie\u00dfen k\u00f6nnen.<\/span><\/p>\n<p class=\"p2\"><span class=\"s1\">Fish XL gew\u00e4hrleistet au\u00dferdem eine anhaltende Beaufsichtigung aller kritischen Kontrollpunkte in unserer Verarbeitungskette. Unsere Teammitglieder erhalten eine Schulung in den Bereichen HACCP und Lebensmittelsicherheit.<\/span><\/p>\n","protected":false},"excerpt":{"rendered":"<p>Bei HACCP handelt es sich um ein Kontrollsystem zur Gew\u00e4hrleistung<span class=\"readmore\">&#8230;<\/span><\/p>\n","protected":false},"author":2,"featured_media":0,"parent":0,"menu_order":5,"comment_status":"closed","ping_status":"closed","template":"","meta":{"_acf_changed":false,"ngg_post_thumbnail":0,"footnotes":""},"class_list":["post-2642","page","type-page","status-publish","hentry"],"acf":[],"yoast_head":"<!-- This site is optimized with the Yoast SEO plugin v27.1.1 - https:\/\/yoast.com\/product\/yoast-seo-wordpress\/ -->\n<title>Zertifizierung - FishXL<\/title>\n<meta name=\"robots\" content=\"index, follow, max-snippet:-1, max-image-preview:large, max-video-preview:-1\" \/>\n<link rel=\"canonical\" href=\"https:\/\/fishxl.nl\/de\/zertifizierung-3\/\" \/>\n<meta property=\"og:locale\" content=\"de_DE\" \/>\n<meta property=\"og:type\" content=\"article\" \/>\n<meta property=\"og:title\" content=\"Zertifizierung - FishXL\" \/>\n<meta property=\"og:description\" content=\"Bei HACCP handelt es sich um ein Kontrollsystem zur Gew\u00e4hrleistung...\" \/>\n<meta property=\"og:url\" content=\"https:\/\/fishxl.nl\/de\/zertifizierung-3\/\" \/>\n<meta property=\"og:site_name\" content=\"FishXL\" \/>\n<meta property=\"article:modified_time\" content=\"2017-01-25T11:08:22+00:00\" \/>\n<meta name=\"twitter:card\" content=\"summary_large_image\" \/>\n<meta name=\"twitter:label1\" content=\"Gesch\u00e4tzte Lesezeit\" \/>\n\t<meta name=\"twitter:data1\" content=\"1\u00a0Minute\" \/>\n<script type=\"application\/ld+json\" class=\"yoast-schema-graph\">{\"@context\":\"https:\/\/schema.org\",\"@graph\":[{\"@type\":\"WebPage\",\"@id\":\"https:\/\/fishxl.nl\/de\/zertifizierung-3\/\",\"url\":\"https:\/\/fishxl.nl\/de\/zertifizierung-3\/\",\"name\":\"Zertifizierung - FishXL\",\"isPartOf\":{\"@id\":\"https:\/\/fishxl.nl\/#website\"},\"datePublished\":\"2017-01-24T15:11:11+00:00\",\"dateModified\":\"2017-01-25T11:08:22+00:00\",\"breadcrumb\":{\"@id\":\"https:\/\/fishxl.nl\/de\/zertifizierung-3\/#breadcrumb\"},\"inLanguage\":\"de\",\"potentialAction\":[{\"@type\":\"ReadAction\",\"target\":[\"https:\/\/fishxl.nl\/de\/zertifizierung-3\/\"]}]},{\"@type\":\"BreadcrumbList\",\"@id\":\"https:\/\/fishxl.nl\/de\/zertifizierung-3\/#breadcrumb\",\"itemListElement\":[{\"@type\":\"ListItem\",\"position\":1,\"name\":\"Home\",\"item\":\"https:\/\/fishxl.nl\/de\/\"},{\"@type\":\"ListItem\",\"position\":2,\"name\":\"Zertifizierung\"}]},{\"@type\":\"WebSite\",\"@id\":\"https:\/\/fishxl.nl\/#website\",\"url\":\"https:\/\/fishxl.nl\/\",\"name\":\"FishXL\",\"description\":\"\",\"potentialAction\":[{\"@type\":\"SearchAction\",\"target\":{\"@type\":\"EntryPoint\",\"urlTemplate\":\"https:\/\/fishxl.nl\/?s={search_term_string}\"},\"query-input\":{\"@type\":\"PropertyValueSpecification\",\"valueRequired\":true,\"valueName\":\"search_term_string\"}}],\"inLanguage\":\"de\"}]}<\/script>\n<!-- \/ Yoast SEO plugin. -->","yoast_head_json":{"title":"Zertifizierung - FishXL","robots":{"index":"index","follow":"follow","max-snippet":"max-snippet:-1","max-image-preview":"max-image-preview:large","max-video-preview":"max-video-preview:-1"},"canonical":"https:\/\/fishxl.nl\/de\/zertifizierung-3\/","og_locale":"de_DE","og_type":"article","og_title":"Zertifizierung - FishXL","og_description":"Bei HACCP handelt es sich um ein Kontrollsystem zur Gew\u00e4hrleistung...","og_url":"https:\/\/fishxl.nl\/de\/zertifizierung-3\/","og_site_name":"FishXL","article_modified_time":"2017-01-25T11:08:22+00:00","twitter_card":"summary_large_image","twitter_misc":{"Gesch\u00e4tzte Lesezeit":"1\u00a0Minute"},"schema":{"@context":"https:\/\/schema.org","@graph":[{"@type":"WebPage","@id":"https:\/\/fishxl.nl\/de\/zertifizierung-3\/","url":"https:\/\/fishxl.nl\/de\/zertifizierung-3\/","name":"Zertifizierung - FishXL","isPartOf":{"@id":"https:\/\/fishxl.nl\/#website"},"datePublished":"2017-01-24T15:11:11+00:00","dateModified":"2017-01-25T11:08:22+00:00","breadcrumb":{"@id":"https:\/\/fishxl.nl\/de\/zertifizierung-3\/#breadcrumb"},"inLanguage":"de","potentialAction":[{"@type":"ReadAction","target":["https:\/\/fishxl.nl\/de\/zertifizierung-3\/"]}]},{"@type":"BreadcrumbList","@id":"https:\/\/fishxl.nl\/de\/zertifizierung-3\/#breadcrumb","itemListElement":[{"@type":"ListItem","position":1,"name":"Home","item":"https:\/\/fishxl.nl\/de\/"},{"@type":"ListItem","position":2,"name":"Zertifizierung"}]},{"@type":"WebSite","@id":"https:\/\/fishxl.nl\/#website","url":"https:\/\/fishxl.nl\/","name":"FishXL","description":"","potentialAction":[{"@type":"SearchAction","target":{"@type":"EntryPoint","urlTemplate":"https:\/\/fishxl.nl\/?s={search_term_string}"},"query-input":{"@type":"PropertyValueSpecification","valueRequired":true,"valueName":"search_term_string"}}],"inLanguage":"de"}]}},"_links":{"self":[{"href":"https:\/\/fishxl.nl\/de\/wp-json\/wp\/v2\/pages\/2642","targetHints":{"allow":["GET"]}}],"collection":[{"href":"https:\/\/fishxl.nl\/de\/wp-json\/wp\/v2\/pages"}],"about":[{"href":"https:\/\/fishxl.nl\/de\/wp-json\/wp\/v2\/types\/page"}],"author":[{"embeddable":true,"href":"https:\/\/fishxl.nl\/de\/wp-json\/wp\/v2\/users\/2"}],"replies":[{"embeddable":true,"href":"https:\/\/fishxl.nl\/de\/wp-json\/wp\/v2\/comments?post=2642"}],"version-history":[{"count":1,"href":"https:\/\/fishxl.nl\/de\/wp-json\/wp\/v2\/pages\/2642\/revisions"}],"predecessor-version":[{"id":2643,"href":"https:\/\/fishxl.nl\/de\/wp-json\/wp\/v2\/pages\/2642\/revisions\/2643"}],"wp:attachment":[{"href":"https:\/\/fishxl.nl\/de\/wp-json\/wp\/v2\/media?parent=2642"}],"curies":[{"name":"wp","href":"https:\/\/api.w.org\/{rel}","templated":true}]}}